{"id":13,"date":"2023-03-14T18:33:49","date_gmt":"2023-03-14T18:33:49","guid":{"rendered":"http:\/\/www.energieberatung-korn.de\/wordpress\/?page_id=13"},"modified":"2023-04-24T13:36:49","modified_gmt":"2023-04-24T12:36:49","slug":"startseite","status":"publish","type":"page","link":"https:\/\/energieberatung-korn.de\/","title":{"rendered":"Startseite"},"content":{"rendered":"\n<p style=\"font-size:50px\">Willkommen<\/p>\n\n\n\n<p>Als freiberuflicher Geb\u00e4udeenergieberater f\u00fcr Wohngeb\u00e4ude stehe ich Ihnen gerne bei folgenden Projekten zur Seite: <\/p>\n\n\n\n<div class=\"wp-block-coblocks-services\"><div class=\"has-columns has-2-columns has-responsive-columns has-medium-gutter\">\n<div class=\"wp-block-coblocks-service\"><figure class=\"wp-block-coblocks-service__figure\"><img decoding=\"async\" src=\"http:\/\/www.energieberatung-korn.de\/wordpress\/wp-content\/uploads\/2023\/03\/pexels-fauxels-3184292-scaled.jpg\" alt=\"\"\/><\/figure><div class=\"wp-block-coblocks-service__content\">\n<h3 class=\"wp-block-heading has-text-align-none has-huge-font-size\" style=\"font-size:30px\">Energieberatung<\/h3>\n\n\n\n<p class=\"has-text-align-none\">&#8211; <a href=\"http:\/\/www.energieberatung-korn.de\/?page_id=20\" data-type=\"URL\">Sanierungsplanung<\/a><\/p>\n\n\n\n<p>&#8211; <a href=\"http:\/\/www.energieberatung-korn.de\/wordpress\/?page_id=23\" data-type=\"URL\" data-id=\"http:\/\/www.energieberatung-korn.de\/wordpress\/?page_id=23\">Bafa <\/a><a href=\"http:\/\/www.energieberatung-korn.de\/?page_id=23\" data-type=\"URL\">F\u00f6rderungen<\/a><\/p>\n\n\n\n<p>&#8211; <a href=\"http:\/\/www.energieberatung-korn.de\/wordpress\/?page_id=22\" data-type=\"URL\" data-id=\"http:\/\/www.energieberatung-korn.de\/wordpress\/?page_id=22\">KfW <\/a><a href=\"http:\/\/www.energieberatung-korn.de\/?page_id=22\" data-type=\"URL\">F\u00f6rderungen<\/a><\/p>\n\n\n\n<p>&#8211; Online Energieberatung<\/p>\n\n\n\n<p><\/p>\n<\/div><\/div>\n\n\n\n<div class=\"wp-block-coblocks-service\"><figure class=\"wp-block-coblocks-service__figure\"><img decoding=\"async\" src=\"http:\/\/www.energieberatung-korn.de\/wordpress\/wp-content\/uploads\/2023\/03\/pexels-artem-podrez-6278764-scaled.jpg\" alt=\"\"\/><\/figure><div class=\"wp-block-coblocks-service__content\">\n<h3 class=\"wp-block-heading has-text-align-none has-huge-font-size\" style=\"font-size:30px\">Smarthomeplanung<\/h3>\n\n\n\n<p class=\"has-text-align-none\">&#8211; <a href=\"http:\/\/www.energieberatung-korn.de\/?page_id=26\" data-type=\"URL\">Hausautomatisierung<\/a><\/p>\n\n\n\n<p>&#8211; <a href=\"http:\/\/www.energieberatung-korn.de\/?page_id=24\" data-type=\"URL\">Energiemanagement<\/a><\/p>\n\n\n\n<p><\/p>\n<\/div><\/div>\n\n\n\n<div class=\"wp-block-coblocks-service\"><figure class=\"wp-block-coblocks-service__figure\"><img decoding=\"async\" src=\"http:\/\/www.energieberatung-korn.de\/wordpress\/wp-content\/uploads\/2023\/03\/pexels-kelly-8457868-2-scaled.jpg\" alt=\"\"\/><\/figure><div class=\"wp-block-coblocks-service__content\">\n<h3 class=\"wp-block-heading has-text-align-none has-huge-font-size\" style=\"font-size:30px\">Photovoltaikplanung<\/h3>\n\n\n\n<p class=\"has-text-align-none\">&#8211; <a href=\"http:\/\/www.energieberatung-korn.de\/?page_id=27\" data-type=\"URL\">Planung der Anlage<\/a><\/p>\n\n\n\n<p>&#8211; Dokumentation und Hilfe bei der Anmeldung f\u00fcr Installateure<\/p>\n\n\n\n<p><\/p>\n<\/div><\/div>\n\n\n\n<div class=\"wp-block-coblocks-service\"><figure class=\"wp-block-coblocks-service__figure\"><img decoding=\"async\" src=\"http:\/\/www.energieberatung-korn.de\/wordpress\/wp-content\/uploads\/2023\/03\/pexels-rodolfo-clix-1036936-scaled.jpg\" alt=\"\"\/><\/figure><div class=\"wp-block-coblocks-service__content\">\n<h3 class=\"wp-block-heading has-text-align-none has-huge-font-size\" style=\"font-size:30px\">H\u00e4ufig gestellte Fragen<\/h3>\n\n\n\n<p class=\"has-text-align-none\"><a href=\"http:\/\/www.energieberatung-korn.de\/wordpress\/?page_id=222\" data-type=\"URL\" data-id=\"http:\/\/www.energieberatung-korn.de\/wordpress\/?page_id=222\">Finden<\/a><a href=\"http:\/\/www.energieberatung-korn.de\/?page_id=222\" data-type=\"URL\"> <\/a><a href=\"http:\/\/www.energieberatung-korn.de\/wordpress\/?page_id=222\" data-type=\"URL\" data-id=\"http:\/\/www.energieberatung-korn.de\/wordpress\/?page_id=222\">sie hier beantwortet<\/a><\/p>\n<\/div><\/div>\n\n\n\n<div class=\"wp-block-coblocks-service\"><div class=\"wp-block-coblocks-service__content\">\n<h3 class=\"wp-block-heading has-text-align-none\"><\/h3>\n\n\n\n<p class=\"has-text-align-none\"><\/p>\n<\/div><\/div>\n<\/div><\/div>\n\n\n\n<p>Gerne \u00fcbersenden Sie mir Ihre Daten mittels <a href=\"http:\/\/www.energieberatung-korn.de\/?page_id=19\" data-type=\"URL\">Kontaktformular<\/a> und ich nehme Kontakt mit Ihnen auf.<\/p>\n\n\n\n<p>Ihr Michael Korn<\/p>\n","protected":false},"excerpt":{"rendered":"<p>Willkommen Als freiberuflicher Geb\u00e4udeenergieberater f\u00fcr Wohngeb\u00e4ude stehe ich Ihnen gerne bei folgenden Projekten zur Seite: Gerne \u00fcbersenden Sie mir Ihre Daten mittels Kontaktformular und ich nehme Kontakt mit Ihnen auf. Ihr Michael Korn<\/p>\n","protected":false},"author":1,"featured_media":0,"parent":0,"menu_order":0,"comment_status":"closed","ping_status":"closed","template":"","meta":{"_coblocks_attr":"","_coblocks_dimensions":"","_coblocks_responsive_height":"","_coblocks_accordion_ie_support":"","hide_page_title":"","footnotes":""},"class_list":["post-13","page","type-page","status-publish","hentry"],"_links":{"self":[{"href":"https:\/\/energieberatung-korn.de\/index.php?rest_route=\/wp\/v2\/pages\/13","targetHints":{"allow":["GET"]}}],"collection":[{"href":"https:\/\/energieberatung-korn.de\/index.php?rest_route=\/wp\/v2\/pages"}],"about":[{"href":"https:\/\/energieberatung-korn.de\/index.php?rest_route=\/wp\/v2\/types\/page"}],"author":[{"embeddable":true,"href":"https:\/\/energieberatung-korn.de\/index.php?rest_route=\/wp\/v2\/users\/1"}],"replies":[{"embeddable":true,"href":"https:\/\/energieberatung-korn.de\/index.php?rest_route=%2Fwp%2Fv2%2Fcomments&post=13"}],"version-history":[{"count":43,"href":"https:\/\/energieberatung-korn.de\/index.php?rest_route=\/wp\/v2\/pages\/13\/revisions"}],"predecessor-version":[{"id":340,"href":"https:\/\/energieberatung-korn.de\/index.php?rest_route=\/wp\/v2\/pages\/13\/revisions\/340"}],"wp:attachment":[{"href":"https:\/\/energieberatung-korn.de\/index.php?rest_route=%2Fwp%2Fv2%2Fmedia&parent=13"}],"curies":[{"name":"wp","href":"https:\/\/api.w.org\/{rel}","templated":true}]}}