{"id":18,"date":"2023-03-14T18:33:49","date_gmt":"2023-03-14T18:33:49","guid":{"rendered":"http:\/\/www.energieberatung-korn.de\/wordpress\/?page_id=18"},"modified":"2023-06-15T08:10:36","modified_gmt":"2023-06-15T07:10:36","slug":"impressum","status":"publish","type":"page","link":"https:\/\/energieberatung-korn.de\/?page_id=18","title":{"rendered":"Impressum"},"content":{"rendered":"\n<p class=\"has-custom-letterspacing\" style=\"letter-spacing:-1px;font-size:40px\">Impressum<\/p>\n\n\n\n<p>Angaben gem\u00e4\u00df \u00a7 5 TMG:<\/p>\n\n\n\n<p>Ingenieurb\u00fcro Korn<\/p>\n\n\n\n<p>Inhaber: Michael Korn<\/p>\n\n\n\n<p>Josef-Swietek-Str. 2<\/p>\n\n\n\n<p>98617 Unterma\u00dffeld<\/p>\n\n\n\n<p><\/p>\n\n\n\n<p>Kontakt:<\/p>\n\n\n\n<p>Telefon: 0176 41737710 E-Mail: <a href=\"mailto:kontakt@energieberatung-korn.de\" data-type=\"mailto\" data-id=\"mailto:kontakt@energieberatung-korn.de\">info@energieberatung-korn.de<\/a><\/p>\n\n\n\n<p><\/p>\n\n\n\n<p>Vertreten durch:<\/p>\n\n\n\n<p>Michael Korn<\/p>\n\n\n\n<p><\/p>\n\n\n\n<p>Verantwortlich f\u00fcr den Inhalt nach \u00a7 55 Abs. 2 RStV:<\/p>\n\n\n\n<p>Michael Korn<\/p>\n\n\n\n<p>Josef-Swietek-Str. 2 <\/p>\n\n\n\n<p>98617 Unterma\u00dffeld<\/p>\n\n\n\n<p><\/p>\n\n\n\n<p><\/p>\n\n\n\n<p><\/p>\n\n\n\n<p>Haftungsausschluss:<\/p>\n\n\n\n<p>Trotz sorgf\u00e4ltiger inhaltlicher Kontrolle \u00fcbernehmen wir keine Haftung f\u00fcr die Inhalte externer Links. F\u00fcr den Inhalt der verlinkten Seiten sind ausschlie\u00dflich deren Betreiber verantwortlich.<\/p>\n\n\n\n<p><\/p>\n\n\n\n<p>Urheberrecht:<\/p>\n\n\n\n<p>Die durch den Betreiber dieser Seite erstellten Inhalte und Werke auf diesen Seiten unterliegen dem deutschen Urheberrecht. Die Vervielf\u00e4ltigung, Bearbeitung, Verbreitung und jede Art der Verwertung au\u00dferhalb der Grenzen des Urheberrechts bed\u00fcrfen der schriftlichen Zustimmung des jeweiligen Autors bzw. Erstellers. Downloads und Kopien dieser Seite sind nur f\u00fcr den privaten, nicht kommerziellen Gebrauch gestattet.<\/p>\n\n\n\n<p><\/p>\n\n\n\n<p>Datenschutz:<\/p>\n\n\n\n<p>Die Nutzung unserer Webseite ist in der Regel ohne Angabe personenbezogener Daten m\u00f6glich. Soweit auf unseren Seiten personenbezogene Daten (beispielsweise Name, Anschrift oder E-Mail-Adressen) erhoben werden, erfolgt dies, soweit m\u00f6glich, stets auf freiwilliger Basis. Weitere Informationen zum Datenschutz finden Sie in unserer Datenschutzerkl\u00e4rung.<\/p>\n\n\n\n<p>Quellenangaben f\u00fcr die verwendeten Bilder und Grafiken:<\/p>\n\n\n\n<p>www.pexels.com<\/p>\n\n\n\n<p><\/p>\n\n\n\n<p><a href=\"https:\/\/www.energieberatung-korn.de\/?page_id=345\" data-type=\"URL\" data-id=\"https:\/\/www.energieberatung-korn.de\/?page_id=345\">Hier finden sie die Datenschutzerkl\u00e4rung.<\/a><\/p>\n","protected":false},"excerpt":{"rendered":"<p>Impressum Angaben gem\u00e4\u00df \u00a7 5 TMG: Ingenieurb\u00fcro Korn Inhaber: Michael Korn Josef-Swietek-Str. 2 98617 Unterma\u00dffeld Kontakt: Telefon: 0176 41737710 E-Mail: info@energieberatung-korn.de Vertreten durch: Michael Korn Verantwortlich f\u00fcr den Inhalt nach \u00a7 55 Abs. 2 RStV: Michael Korn Josef-Swietek-Str. 2 98617 Unterma\u00dffeld Haftungsausschluss: Trotz sorgf\u00e4ltiger inhaltlicher Kontrolle \u00fcbernehmen wir keine Haftung f\u00fcr die Inhalte externer Links. [&hellip;]<\/p>\n","protected":false},"author":1,"featured_media":0,"parent":0,"menu_order":0,"comment_status":"closed","ping_status":"closed","template":"","meta":{"_coblocks_attr":"","_coblocks_dimensions":"","_coblocks_responsive_height":"","_coblocks_accordion_ie_support":"","hide_page_title":"","footnotes":""},"class_list":["post-18","page","type-page","status-publish","hentry"],"_links":{"self":[{"href":"https:\/\/energieberatung-korn.de\/index.php?rest_route=\/wp\/v2\/pages\/18","targetHints":{"allow":["GET"]}}],"collection":[{"href":"https:\/\/energieberatung-korn.de\/index.php?rest_route=\/wp\/v2\/pages"}],"about":[{"href":"https:\/\/energieberatung-korn.de\/index.php?rest_route=\/wp\/v2\/types\/page"}],"author":[{"embeddable":true,"href":"https:\/\/energieberatung-korn.de\/index.php?rest_route=\/wp\/v2\/users\/1"}],"replies":[{"embeddable":true,"href":"https:\/\/energieberatung-korn.de\/index.php?rest_route=%2Fwp%2Fv2%2Fcomments&post=18"}],"version-history":[{"count":14,"href":"https:\/\/energieberatung-korn.de\/index.php?rest_route=\/wp\/v2\/pages\/18\/revisions"}],"predecessor-version":[{"id":347,"href":"https:\/\/energieberatung-korn.de\/index.php?rest_route=\/wp\/v2\/pages\/18\/revisions\/347"}],"wp:attachment":[{"href":"https:\/\/energieberatung-korn.de\/index.php?rest_route=%2Fwp%2Fv2%2Fmedia&parent=18"}],"curies":[{"name":"wp","href":"https:\/\/api.w.org\/{rel}","templated":true}]}}