{"id":22,"date":"2023-03-14T18:33:49","date_gmt":"2023-03-14T18:33:49","guid":{"rendered":"http:\/\/www.energieberatung-korn.de\/wordpress\/?page_id=22"},"modified":"2023-03-22T11:09:26","modified_gmt":"2023-03-22T10:09:26","slug":"kfw","status":"publish","type":"page","link":"https:\/\/energieberatung-korn.de\/?page_id=22","title":{"rendered":"KfW F\u00f6rderungen"},"content":{"rendered":"\n<p class=\"has-custom-letterspacing\" style=\"letter-spacing:-1px;font-size:40px\">KfW F\u00f6rderungen<\/p>\n\n\n\n<p>Die KfW F\u00f6rderung Sanierung ist ein Programm der Kreditanstalt f\u00fcr Wiederaufbau (KfW), das Hausbesitzern dabei helfen soll, ihre Immobilien energieeffizienter zu gestalten. Das Programm richtet sich insbesondere an Eigent\u00fcmer von bestehenden Wohngeb\u00e4uden, die eine Sanierung planen oder bereits durchgef\u00fchrt haben.<\/p>\n\n\n\n<p>Die KfW F\u00f6rderung Sanierung bietet verschiedene F\u00f6rderm\u00f6glichkeiten an, die sich an den individuellen Bed\u00fcrfnissen der Hausbesitzer orientieren. Hierzu geh\u00f6ren unter anderem:<\/p>\n\n\n\n<ul class=\"wp-block-list\">\n<li>KfW-Effizienzhaus: Bei diesem F\u00f6rderprogramm k\u00f6nnen Hausbesitzer Zusch\u00fcsse oder zinsg\u00fcnstige Kredite beantragen, wenn sie ihr Haus auf einen h\u00f6heren energetischen Standard bringen. Je nach erreichtem Effizienzhaus-Standard k\u00f6nnen dabei Zusch\u00fcsse oder Kredite beantragt werden.<\/li>\n\n\n\n<li>KfW-F\u00f6rderung Erneuerbare Energien: Hierbei k\u00f6nnen Hausbesitzer Zusch\u00fcsse oder Kredite f\u00fcr die Installation von erneuerbaren Energiesystemen beantragen.<\/li>\n<\/ul>\n\n\n\n<p>Um eine KfW F\u00f6rderung Sanierung zu beantragen, m\u00fcssen Hausbesitzer in der Regel einen Energieberater beauftragen, der eine Energieberatung durchf\u00fchrt und ein Sanierungskonzept erstellt. Die F\u00f6rdermittel k\u00f6nnen dann bei der KfW beantragt werden. Bei einem positiven Bescheid k\u00f6nnen die Sanierungsma\u00dfnahmen durchgef\u00fchrt werden.<\/p>\n\n\n\n<p>Die KfW F\u00f6rderung Sanierung ist somit eine effektive M\u00f6glichkeit f\u00fcr Hausbesitzer, sich finanzielle Unterst\u00fctzung bei der Sanierung ihrer Immobilien zu holen und dabei von den Vorteilen einer h\u00f6heren Energieeffizienz zu profitieren.<\/p>\n","protected":false},"excerpt":{"rendered":"<p>KfW F\u00f6rderungen Die KfW F\u00f6rderung Sanierung ist ein Programm der Kreditanstalt f\u00fcr Wiederaufbau (KfW), das Hausbesitzern dabei helfen soll, ihre Immobilien energieeffizienter zu gestalten. Das Programm richtet sich insbesondere an Eigent\u00fcmer von bestehenden Wohngeb\u00e4uden, die eine Sanierung planen oder bereits durchgef\u00fchrt haben. Die KfW F\u00f6rderung Sanierung bietet verschiedene F\u00f6rderm\u00f6glichkeiten an, die sich an den individuellen [&hellip;]<\/p>\n","protected":false},"author":1,"featured_media":0,"parent":0,"menu_order":0,"comment_status":"closed","ping_status":"closed","template":"","meta":{"_coblocks_attr":"","_coblocks_dimensions":"","_coblocks_responsive_height":"","_coblocks_accordion_ie_support":"","hide_page_title":"","footnotes":""},"class_list":["post-22","page","type-page","status-publish","hentry"],"_links":{"self":[{"href":"https:\/\/energieberatung-korn.de\/index.php?rest_route=\/wp\/v2\/pages\/22","targetHints":{"allow":["GET"]}}],"collection":[{"href":"https:\/\/energieberatung-korn.de\/index.php?rest_route=\/wp\/v2\/pages"}],"about":[{"href":"https:\/\/energieberatung-korn.de\/index.php?rest_route=\/wp\/v2\/types\/page"}],"author":[{"embeddable":true,"href":"https:\/\/energieberatung-korn.de\/index.php?rest_route=\/wp\/v2\/users\/1"}],"replies":[{"embeddable":true,"href":"https:\/\/energieberatung-korn.de\/index.php?rest_route=%2Fwp%2Fv2%2Fcomments&post=22"}],"version-history":[{"count":6,"href":"https:\/\/energieberatung-korn.de\/index.php?rest_route=\/wp\/v2\/pages\/22\/revisions"}],"predecessor-version":[{"id":304,"href":"https:\/\/energieberatung-korn.de\/index.php?rest_route=\/wp\/v2\/pages\/22\/revisions\/304"}],"wp:attachment":[{"href":"https:\/\/energieberatung-korn.de\/index.php?rest_route=%2Fwp%2Fv2%2Fmedia&parent=22"}],"curies":[{"name":"wp","href":"https:\/\/api.w.org\/{rel}","templated":true}]}}