{"id":26,"date":"2023-03-14T18:33:49","date_gmt":"2023-03-14T18:33:49","guid":{"rendered":"http:\/\/www.energieberatung-korn.de\/wordpress\/?page_id=26"},"modified":"2023-03-22T11:09:05","modified_gmt":"2023-03-22T10:09:05","slug":"hausautomatisierung","status":"publish","type":"page","link":"https:\/\/energieberatung-korn.de\/?page_id=26","title":{"rendered":"Hausautomatisierung"},"content":{"rendered":"\n<p class=\"has-custom-letterspacing\" style=\"letter-spacing:-1px;font-size:40px\">Hausautomatisierung<\/p>\n\n\n\n<p>Sie wollen ihre Beleuchtung mit dem Handy steuern?<\/p>\n\n\n\n<p>Ihre Rollos sollen automatisch \u00f6ffnen und schlie\u00dfen?<\/p>\n\n\n\n<p>Ihr Heizung soll erkennen wenn niemand im Haus ist?<\/p>\n\n\n\n<p><\/p>\n\n\n\n<p>All dies sind Punkte, welche man mit einem SmartHome realisieren kann. Gerne k\u00f6nnen sie mich mit ihren W\u00fcnschen befragen und ich erarbeite ihnen eine L\u00f6sung.<\/p>\n\n\n\n<p><\/p>\n\n\n\n<p>Ich biete ihnen dabei:<\/p>\n\n\n\n<ul class=\"wp-block-list\">\n<li>Anforderungen des Kunden aufnehmen<\/li>\n\n\n\n<li>L\u00f6sungskonzept erarbeiten<\/li>\n\n\n\n<li>Planung durchf\u00fchren<\/li>\n\n\n\n<li>Hilfe bei der Programmierung und Einrichtung der Komponenten<\/li>\n<\/ul>\n","protected":false},"excerpt":{"rendered":"<p>Hausautomatisierung Sie wollen ihre Beleuchtung mit dem Handy steuern? Ihre Rollos sollen automatisch \u00f6ffnen und schlie\u00dfen? Ihr Heizung soll erkennen wenn niemand im Haus ist? All dies sind Punkte, welche man mit einem SmartHome realisieren kann. Gerne k\u00f6nnen sie mich mit ihren W\u00fcnschen befragen und ich erarbeite ihnen eine L\u00f6sung. Ich biete ihnen dabei:<\/p>\n","protected":false},"author":1,"featured_media":0,"parent":0,"menu_order":0,"comment_status":"closed","ping_status":"closed","template":"","meta":{"_coblocks_attr":"","_coblocks_dimensions":"","_coblocks_responsive_height":"","_coblocks_accordion_ie_support":"","hide_page_title":"","footnotes":""},"class_list":["post-26","page","type-page","status-publish","hentry"],"_links":{"self":[{"href":"https:\/\/energieberatung-korn.de\/index.php?rest_route=\/wp\/v2\/pages\/26","targetHints":{"allow":["GET"]}}],"collection":[{"href":"https:\/\/energieberatung-korn.de\/index.php?rest_route=\/wp\/v2\/pages"}],"about":[{"href":"https:\/\/energieberatung-korn.de\/index.php?rest_route=\/wp\/v2\/types\/page"}],"author":[{"embeddable":true,"href":"https:\/\/energieberatung-korn.de\/index.php?rest_route=\/wp\/v2\/users\/1"}],"replies":[{"embeddable":true,"href":"https:\/\/energieberatung-korn.de\/index.php?rest_route=%2Fwp%2Fv2%2Fcomments&post=26"}],"version-history":[{"count":7,"href":"https:\/\/energieberatung-korn.de\/index.php?rest_route=\/wp\/v2\/pages\/26\/revisions"}],"predecessor-version":[{"id":302,"href":"https:\/\/energieberatung-korn.de\/index.php?rest_route=\/wp\/v2\/pages\/26\/revisions\/302"}],"wp:attachment":[{"href":"https:\/\/energieberatung-korn.de\/index.php?rest_route=%2Fwp%2Fv2%2Fmedia&parent=26"}],"curies":[{"name":"wp","href":"https:\/\/api.w.org\/{rel}","templated":true}]}}