{"id":27,"date":"2023-03-14T18:33:49","date_gmt":"2023-03-14T18:33:49","guid":{"rendered":"http:\/\/www.energieberatung-korn.de\/wordpress\/?page_id=27"},"modified":"2023-03-22T11:09:58","modified_gmt":"2023-03-22T10:09:58","slug":"photovoltaikplanung","status":"publish","type":"page","link":"https:\/\/energieberatung-korn.de\/?page_id=27","title":{"rendered":"Photovoltaikplanung"},"content":{"rendered":"\n<p class=\"has-custom-letterspacing\" style=\"letter-spacing:-1px;font-size:40px\">Photovoltaikplanung<\/p>\n\n\n\n<p>Die Planung einer Photovoltaikanlage umfasst eine Reihe von Schritten, die dazu dienen, die Anlage optimal auf ihre individuellen Anforderungen und Bed\u00fcrfnisse abzustimmen. Im Folgenden sind einige typische Schritte der Planung einer Photovoltaikanlage beschrieben:<\/p>\n\n\n\n<ol class=\"wp-block-list\">\n<li>Analyse des Standorts: Zun\u00e4chst wird der Standort, an dem die Photovoltaikanlage installiert werden soll, analysiert. Hierbei werden Faktoren wie die Sonneneinstrahlung, die Neigung und Ausrichtung der Dachfl\u00e4che sowie m\u00f6gliche Verschattungen ber\u00fccksichtigt. Auch die Gr\u00f6\u00dfe der verf\u00fcgbaren Fl\u00e4che und die Statik des Geb\u00e4udes sind wichtige Aspekte.<\/li>\n\n\n\n<li>Bedarfsanalyse: Auf Basis des Standorts und der Gegebenheiten vor Ort wird der Bedarf ermittelt. Hierbei werden Faktoren wie der Stromverbrauch des Haushalts sowie m\u00f6gliche Einspeiseverg\u00fctungen ber\u00fccksichtigt.<\/li>\n\n\n\n<li>Auswahl der Komponenten: Auf Basis der Analyse werden dann die Komponenten f\u00fcr die Photovoltaikanlage ausgew\u00e4hlt. Hierzu geh\u00f6ren zum Beispiel die Solarmodule, die Wechselrichter, die Montagesysteme sowie die Kabel und Steckverbinder. Auch die Art und Gr\u00f6\u00dfe der Batteriespeicher kann hierbei ber\u00fccksichtigt werden.<\/li>\n\n\n\n<li>Erstellung eines Anlagenlayouts: Anschlie\u00dfend wird ein Anlagenlayout erstellt, das die Position der Solarmodule, der Wechselrichter und der Batteriespeicher auf dem Dach oder auf dem Grundst\u00fcck zeigt. Hierbei wird auch die optimale Ausrichtung der Solarmodule ber\u00fccksichtigt, um eine m\u00f6glichst hohe Effizienz der Anlage zu gew\u00e4hrleisten.<\/li>\n\n\n\n<li>Genehmigung und Finanzierung: Bevor die Photovoltaikanlage installiert werden kann, m\u00fcssen oft noch Genehmigungen eingeholt werden. Hierzu geh\u00f6ren zum Beispiel Baugenehmigungen oder Anmeldungen beim Netzbetreiber. Auch die Finanzierung der Anlage muss geplant werden, hierbei k\u00f6nnen auch F\u00f6rdermittel und Zusch\u00fcsse ber\u00fccksichtigt werden.<\/li>\n\n\n\n<li>Installation und Inbetriebnahme: Nach Abschluss der Planung wird die Photovoltaikanlage installiert und in Betrieb genommen. Hierbei werden die Solarmodule auf dem Dach oder auf dem Grundst\u00fcck montiert, die Wechselrichter und Batteriespeicher angeschlossen und die gesamte Anlage in Betrieb genommen.<\/li>\n\n\n\n<li>Monitoring und Wartung: Nach der Inbetriebnahme ist es wichtig, die Photovoltaikanlage regelm\u00e4\u00dfig zu \u00fcberwachen und zu warten. Hierbei k\u00f6nnen zum Beispiel Monitoring-Systeme eingesetzt werden, die den Ertrag der Anlage kontinuierlich \u00fcberwachen. Auch die Wartung der Komponenten, wie zum Beispiel der Batterien oder der Wechselrichter, ist wichtig, um eine hohe Effizienz und eine lange Lebensdauer der Anlage zu gew\u00e4hrleisten.<\/li>\n<\/ol>\n\n\n\n<p>Die Planung einer Photovoltaikanlage erfordert also eine sorgf\u00e4ltige Analyse und Abstimmung der verschiedenen Komponenten, um eine optimale Effizienz und Wirtschaftlichkeit der Anlage zu erreichen.<\/p>\n","protected":false},"excerpt":{"rendered":"<p>Photovoltaikplanung Die Planung einer Photovoltaikanlage umfasst eine Reihe von Schritten, die dazu dienen, die Anlage optimal auf ihre individuellen Anforderungen und Bed\u00fcrfnisse abzustimmen. Im Folgenden sind einige typische Schritte der Planung einer Photovoltaikanlage beschrieben: Die Planung einer Photovoltaikanlage erfordert also eine sorgf\u00e4ltige Analyse und Abstimmung der verschiedenen Komponenten, um eine optimale Effizienz und Wirtschaftlichkeit der [&hellip;]<\/p>\n","protected":false},"author":1,"featured_media":0,"parent":0,"menu_order":0,"comment_status":"closed","ping_status":"closed","template":"","meta":{"_coblocks_attr":"","_coblocks_dimensions":"","_coblocks_responsive_height":"","_coblocks_accordion_ie_support":"","hide_page_title":"","footnotes":""},"class_list":["post-27","page","type-page","status-publish","hentry"],"_links":{"self":[{"href":"https:\/\/energieberatung-korn.de\/index.php?rest_route=\/wp\/v2\/pages\/27","targetHints":{"allow":["GET"]}}],"collection":[{"href":"https:\/\/energieberatung-korn.de\/index.php?rest_route=\/wp\/v2\/pages"}],"about":[{"href":"https:\/\/energieberatung-korn.de\/index.php?rest_route=\/wp\/v2\/types\/page"}],"author":[{"embeddable":true,"href":"https:\/\/energieberatung-korn.de\/index.php?rest_route=\/wp\/v2\/users\/1"}],"replies":[{"embeddable":true,"href":"https:\/\/energieberatung-korn.de\/index.php?rest_route=%2Fwp%2Fv2%2Fcomments&post=27"}],"version-history":[{"count":6,"href":"https:\/\/energieberatung-korn.de\/index.php?rest_route=\/wp\/v2\/pages\/27\/revisions"}],"predecessor-version":[{"id":307,"href":"https:\/\/energieberatung-korn.de\/index.php?rest_route=\/wp\/v2\/pages\/27\/revisions\/307"}],"wp:attachment":[{"href":"https:\/\/energieberatung-korn.de\/index.php?rest_route=%2Fwp%2Fv2%2Fmedia&parent=27"}],"curies":[{"name":"wp","href":"https:\/\/api.w.org\/{rel}","templated":true}]}}